{"id":38,"date":"2020-03-12T11:45:48","date_gmt":"2020-03-12T10:45:48","guid":{"rendered":"http:\/\/www.viladanse.fr\/?page_id=38"},"modified":"2024-12-19T15:21:49","modified_gmt":"2024-12-19T14:21:49","slug":"contact","status":"publish","type":"page","link":"https:\/\/www.viladanse.fr\/index.php\/contact\/","title":{"rendered":"Contact &#8211; Cours de danse \u00e0 domicile &#8211; Bordeaux Gironde"},"content":{"rendered":"\n<p class=\"has-text-align-center has-text-color\" style=\"color:#ffffff;font-size:6px\">Contact<\/p>\n\n\n\n<div class=\"wp-block-columns is-layout-flex wp-container-core-columns-is-layout-9d6595d7 wp-block-columns-is-layout-flex\">\n<div class=\"wp-block-column is-layout-flow wp-block-column-is-layout-flow\" style=\"flex-basis:33.33%\">\n<h2 class=\"wp-block-heading has-text-align-center\">Comment nous contacter ?<\/h2>\n\n\n\n<p class=\"has-text-align-center has-medium-font-size\"><strong>Rien de plus simple !<\/strong><\/p>\n\n\n\n<ul class=\"wp-block-list\">\n<li>Envoyez vos coordonn\u00e9es et votre projet via le <strong>formulaire<\/strong> ci-dessous. N&rsquo;h\u00e9sitez pas \u00e0 nous laisser un commentaire pour expliquer en d\u00e9tail vos attentes.<\/li>\n\n\n\n<li>Nous vous r\u00e9pondrons dans les plus brefs d\u00e9lais !<\/li>\n\n\n\n<li>Nous vous <strong>contacterons<\/strong> pour discuter plus en profondeur de votre projet, d\u00e9finir un forfait et convenir d<strong>&lsquo;un rendez-vous pour votre premi\u00e8re le\u00e7on !<\/strong><\/li>\n<\/ul>\n<\/div>\n\n\n\n<div class=\"wp-block-column is-layout-flow wp-block-column-is-layout-flow\" style=\"flex-basis:66.66%\"><div class=\"wp-block-image\">\n<figure class=\"aligncenter size-full is-resized\"><img loading=\"lazy\" decoding=\"async\" width=\"2560\" height=\"1558\" src=\"https:\/\/www.viladanse.fr\/wp-content\/uploads\/2024\/12\/retro-phone-notebook-coffee-cup-scaled.jpg\" alt=\"\" class=\"wp-image-3591\" style=\"width:444px;height:auto\" srcset=\"https:\/\/www.viladanse.fr\/wp-content\/uploads\/2024\/12\/retro-phone-notebook-coffee-cup-scaled.jpg 2560w, https:\/\/www.viladanse.fr\/wp-content\/uploads\/2024\/12\/retro-phone-notebook-coffee-cup-300x183.jpg 300w, https:\/\/www.viladanse.fr\/wp-content\/uploads\/2024\/12\/retro-phone-notebook-coffee-cup-1024x623.jpg 1024w, https:\/\/www.viladanse.fr\/wp-content\/uploads\/2024\/12\/retro-phone-notebook-coffee-cup-768x467.jpg 768w, https:\/\/www.viladanse.fr\/wp-content\/uploads\/2024\/12\/retro-phone-notebook-coffee-cup-1536x935.jpg 1536w, https:\/\/www.viladanse.fr\/wp-content\/uploads\/2024\/12\/retro-phone-notebook-coffee-cup-2048x1246.jpg 2048w\" sizes=\"auto, (max-width: 2560px) 100vw, 2560px\" \/><\/figure>\n<\/div><\/div>\n<\/div>\n\n\n\n<hr class=\"wp-block-separator has-text-color has-css-opacity has-background is-style-dots\" style=\"background-color:#ffffff;color:#ffffff\"\/>\n\n\n\n<h2 class=\"wp-block-heading has-text-color\" style=\"color:#ffffff\">Contact<\/h2>\n\n\n\n<div class=\"wp-block-media-text alignwide is-stacked-on-mobile\"><figure class=\"wp-block-media-text__media\"><img loading=\"lazy\" decoding=\"async\" width=\"1024\" height=\"800\" src=\"http:\/\/www.viladanse.fr\/wp-content\/uploads\/2020\/03\/Carte-des-28-communes-1024x800.jpg\" alt=\"cours de danse de salon gironde\" class=\"wp-image-106 size-full\" srcset=\"https:\/\/www.viladanse.fr\/wp-content\/uploads\/2020\/03\/Carte-des-28-communes-1024x800.jpg 1024w, https:\/\/www.viladanse.fr\/wp-content\/uploads\/2020\/03\/Carte-des-28-communes-300x234.jpg 300w, https:\/\/www.viladanse.fr\/wp-content\/uploads\/2020\/03\/Carte-des-28-communes-768x600.jpg 768w, https:\/\/www.viladanse.fr\/wp-content\/uploads\/2020\/03\/Carte-des-28-communes-1536x1200.jpg 1536w, https:\/\/www.viladanse.fr\/wp-content\/uploads\/2020\/03\/Carte-des-28-communes-2048x1600.jpg 2048w\" sizes=\"auto, (max-width: 1024px) 100vw, 1024px\" \/><\/figure><div class=\"wp-block-media-text__content\">\n<p class=\"has-drop-cap has-normal-font-size\"> Notre zone de chalandise s&rsquo;\u00e9tend jusqu&rsquo;\u00e0 30 kms autour de Bordeaux, en comprenant Saint-Andr\u00e9-de-Cubzac et Libourne. Nos professeurs se d\u00e9placent \u00e0 domicile :<\/p>\n\n\n\n<hr class=\"wp-block-separator has-text-color has-white-color has-alpha-channel-opacity has-white-background-color has-background\"\/>\n\n\n\n<p><strong> Danse \u00e0 Bordeaux Nord<\/strong> :<\/p>\n\n\n\n<p>le Bouscat, Bruges, Blanquefort, Bassens \u2026Bordeaux Sud<\/p>\n\n\n\n<p><strong>Danse \u00e0 Bordeaux Sud :<\/strong><\/p>\n\n\n\n<p>Talence, Pessac, Villenave d\u2019Ornon \u2026Bordeaux Ouest<\/p>\n\n\n\n<p><strong>Danse \u00e0 Bordeaux Ouest :<\/strong><\/p>\n\n\n\n<p>Eysines, M\u00e9rignac, Saint-M\u00e9dard-en-JallesBordeaux Est<\/p>\n\n\n\n<p><strong>Danse \u00e0 Bordeaux Est :<\/strong><\/p>\n\n\n\n<p>Artigues, Bouliac, Floirac, Cenon, Lormont \u2026<\/p>\n<\/div><\/div>\n\n\n\n<hr class=\"wp-block-separator has-text-color has-css-opacity has-background is-style-dots\" style=\"background-color:#ffffff;color:#ffffff\"\/>\n\n\n\n<div class=\"wp-block-cover is-light\"><span aria-hidden=\"true\" class=\"wp-block-cover__background has-white-background-color has-background-dim-100 has-background-dim\"><\/span><div class=\"wp-block-cover__inner-container is-layout-flow wp-block-cover-is-layout-flow\">\n<p class=\"has-text-align-center has-large-font-size\"><style id=\"wpforms-css-vars-3539\">\n\t\t\t\t#wpforms-3539 {\n\t\t\t\t\n\t\t\t}\n\t\t\t<\/style><div class=\"wpforms-container wpforms-container-full wpforms-render-modern\" id=\"wpforms-3539\"><form id=\"wpforms-form-3539\" class=\"wpforms-validate wpforms-form wpforms-ajax-form\" data-formid=\"3539\" method=\"post\" enctype=\"multipart\/form-data\" action=\"\/index.php\/wp-json\/wp\/v2\/pages\/38\" data-token=\"69715eb262264f5f35140f23c16bfc12\" data-token-time=\"1776837434\"><noscript class=\"wpforms-error-noscript\">Veuillez activer JavaScript dans votre navigateur pour remplir ce formulaire.<\/noscript><div id=\"wpforms-error-noscript\" style=\"display: none;\">Veuillez activer JavaScript dans votre navigateur pour remplir ce formulaire.<\/div><div class=\"wpforms-field-container\"><div id=\"wpforms-3539-field_1-container\" class=\"wpforms-field wpforms-field-name\" data-field-id=\"1\"><fieldset><legend class=\"wpforms-field-label\">Nom <span class=\"wpforms-required-label\" aria-hidden=\"true\">*<\/span><\/legend><div class=\"wpforms-field-row wpforms-field-medium\"><div class=\"wpforms-field-row-block wpforms-first wpforms-one-half\"><input type=\"text\" id=\"wpforms-3539-field_1\" class=\"wpforms-field-name-first wpforms-field-required\" name=\"wpforms[fields][1][first]\" aria-errormessage=\"wpforms-3539-field_1-error\" required><label for=\"wpforms-3539-field_1\" class=\"wpforms-field-sublabel after\">Pr\u00e9nom<\/label><\/div><div class=\"wpforms-field-row-block wpforms-one-half\"><input type=\"text\" id=\"wpforms-3539-field_1-last\" class=\"wpforms-field-name-last wpforms-field-required\" name=\"wpforms[fields][1][last]\" aria-errormessage=\"wpforms-3539-field_1-last-error\" required><label for=\"wpforms-3539-field_1-last\" class=\"wpforms-field-sublabel after\">Nom<\/label><\/div><\/div><\/fieldset><\/div>\t\t<div id=\"wpforms-3539-field_4-container\"\n\t\t\tclass=\"wpforms-field wpforms-field-text\"\n\t\t\tdata-field-type=\"text\"\n\t\t\tdata-field-id=\"4\"\n\t\t\t>\n\t\t\t<label class=\"wpforms-field-label\" for=\"wpforms-3539-field_4\" >votre Quel projet<\/label>\n\t\t\t<input type=\"text\" id=\"wpforms-3539-field_4\" class=\"wpforms-field-medium\" name=\"wpforms[fields][4]\" >\n\t\t<\/div>\n\t\t<div id=\"wpforms-3539-field_2-container\" class=\"wpforms-field wpforms-field-email\" data-field-id=\"2\"><label class=\"wpforms-field-label\" for=\"wpforms-3539-field_2\">E-mail <span class=\"wpforms-required-label\" aria-hidden=\"true\">*<\/span><\/label><input type=\"email\" id=\"wpforms-3539-field_2\" class=\"wpforms-field-medium wpforms-field-required\" name=\"wpforms[fields][2]\" spellcheck=\"false\" aria-errormessage=\"wpforms-3539-field_2-error\" required><\/div><div id=\"wpforms-3539-field_5-container\" class=\"wpforms-field wpforms-field-select wpforms-field-select-style-classic\" data-field-id=\"5\"><label class=\"wpforms-field-label\" for=\"wpforms-3539-field_5\">Quel est votre projet ? <span class=\"wpforms-required-label\" aria-hidden=\"true\">*<\/span><\/label><select id=\"wpforms-3539-field_5\" class=\"wpforms-field-medium wpforms-field-required\" name=\"wpforms[fields][5]\" required=\"required\"><option value=\"Ouverture de bal\"  class=\"choice-1 depth-1\"  >Ouverture de bal<\/option><option value=\"EVJF\"  class=\"choice-2 depth-1\"  >EVJF<\/option><option value=\"Cours de danse \u00e0 domicile\"  class=\"choice-3 depth-1\"  >Cours de danse \u00e0 domicile<\/option><\/select><\/div><div id=\"wpforms-3539-field_3-container\" class=\"wpforms-field wpforms-field-textarea\" data-field-id=\"3\"><label class=\"wpforms-field-label\" for=\"wpforms-3539-field_3\">Commentaire ou message<\/label><textarea id=\"wpforms-3539-field_3\" class=\"wpforms-field-medium\" name=\"wpforms[fields][3]\" aria-errormessage=\"wpforms-3539-field_3-error\" ><\/textarea><\/div><script>\n\t\t\t\t( function() {\n\t\t\t\t\tconst style = document.createElement( 'style' );\n\t\t\t\t\tstyle.appendChild( document.createTextNode( '#wpforms-3539-field_4-container { position: absolute !important; overflow: hidden !important; display: inline !important; height: 1px !important; width: 1px !important; z-index: -1000 !important; padding: 0 !important; } #wpforms-3539-field_4-container input { visibility: hidden; } #wpforms-conversational-form-page #wpforms-3539-field_4-container label { counter-increment: none; }' ) );\n\t\t\t\t\tdocument.head.appendChild( style );\n\t\t\t\t\tdocument.currentScript?.remove();\n\t\t\t\t} )();\n\t\t\t<\/script><\/div><!-- .wpforms-field-container --><div class=\"wpforms-recaptcha-container wpforms-is-recaptcha wpforms-is-recaptcha-type-v3\" ><input type=\"hidden\" name=\"wpforms[recaptcha]\" value=\"\"><\/div><div class=\"wpforms-submit-container\" ><input type=\"hidden\" name=\"wpforms[id]\" value=\"3539\"><input type=\"hidden\" name=\"page_title\" value=\"\"><input type=\"hidden\" name=\"page_url\" value=\"https:\/\/www.viladanse.fr\/index.php\/wp-json\/wp\/v2\/pages\/38\"><input type=\"hidden\" name=\"url_referer\" value=\"\"><button type=\"submit\" name=\"wpforms[submit]\" id=\"wpforms-submit-3539\" class=\"wpforms-submit\" data-alt-text=\"Envoi...\" data-submit-text=\"Envoyer\" aria-live=\"assertive\" value=\"wpforms-submit\">Envoyer<\/button><img loading=\"lazy\" decoding=\"async\" src=\"https:\/\/www.viladanse.fr\/wp-content\/plugins\/wpforms-lite\/assets\/images\/submit-spin.svg\" class=\"wpforms-submit-spinner\" style=\"display: none;\" width=\"26\" height=\"26\" alt=\"Chargement en cours\"><\/div><\/form><\/div>  <!-- .wpforms-container --><\/p>\n<\/div><\/div>\n\n\n\n<hr class=\"wp-block-separator has-text-color has-css-opacity has-background is-style-dots\" style=\"background-color:#ffffff;color:#ffffff\"\/>\n\n\n\n<div class=\"wp-block-cover is-light\" style=\"min-height:60px;aspect-ratio:unset;\"><span aria-hidden=\"true\" class=\"wp-block-cover__background has-background-dim-100 has-background-dim\" style=\"background-color:#ffffff\"><\/span><div class=\"wp-block-cover__inner-container is-layout-flow wp-block-cover-is-layout-flow\">\n<p><\/p>\n\n\n\n<div class=\"wp-block-columns is-layout-flex wp-container-core-columns-is-layout-9d6595d7 wp-block-columns-is-layout-flex\">\n<div class=\"wp-block-column is-layout-flow wp-block-column-is-layout-flow\">\n<figure class=\"wp-block-image size-large\"><img loading=\"lazy\" decoding=\"async\" width=\"1024\" height=\"400\" src=\"https:\/\/www.viladanse.fr\/wp-content\/uploads\/2021\/11\/HD-2563x1000-RVB-Viladanse-logo-1024x400.png\" alt=\"\" class=\"wp-image-3086\" srcset=\"https:\/\/www.viladanse.fr\/wp-content\/uploads\/2021\/11\/HD-2563x1000-RVB-Viladanse-logo-1024x400.png 1024w, https:\/\/www.viladanse.fr\/wp-content\/uploads\/2021\/11\/HD-2563x1000-RVB-Viladanse-logo-300x117.png 300w, https:\/\/www.viladanse.fr\/wp-content\/uploads\/2021\/11\/HD-2563x1000-RVB-Viladanse-logo-768x300.png 768w, https:\/\/www.viladanse.fr\/wp-content\/uploads\/2021\/11\/HD-2563x1000-RVB-Viladanse-logo-1536x599.png 1536w, https:\/\/www.viladanse.fr\/wp-content\/uploads\/2021\/11\/HD-2563x1000-RVB-Viladanse-logo-2048x799.png 2048w\" sizes=\"auto, (max-width: 1024px) 100vw, 1024px\" \/><\/figure>\n<\/div>\n\n\n\n<div class=\"wp-block-column is-layout-flow wp-block-column-is-layout-flow\">\n<figure class=\"wp-block-image size-full\"><a href=\"https:\/\/www.mariages.net\/animation-mariage\/viladanse--e125601\"><img loading=\"lazy\" decoding=\"async\" width=\"250\" height=\"73\" src=\"https:\/\/www.viladanse.fr\/wp-content\/uploads\/2024\/12\/mariage.-net.png\" alt=\"\" class=\"wp-image-3592\"\/><\/a><\/figure>\n<\/div>\n\n\n\n<div class=\"wp-block-column is-layout-flow wp-block-column-is-layout-flow\"><div class=\"wp-block-image\">\n<figure class=\"aligncenter size-full is-resized\"><img loading=\"lazy\" decoding=\"async\" width=\"287\" height=\"175\" src=\"https:\/\/www.viladanse.fr\/wp-content\/uploads\/2020\/03\/unnamed.jpg\" alt=\"Service \u00e0 la personne pour les cours de danse \u00e0 domicile \u00e0 Bordeaux, B\u00e8gles, villenave d'ornon, talence, bruges, caud\u00e9ran, Libourne.\" class=\"wp-image-856\" style=\"width:172px;height:auto\"\/><\/figure>\n<\/div><\/div>\n\n\n\n<div class=\"wp-block-column is-layout-flow wp-block-column-is-layout-flow\">\n<div class=\"wp-block-button\"><a class=\"wp-block-button__link has-very-dark-gray-color has-text-color has-background no-border-radius wp-element-button\" style=\"background-color:#ffffff\">Appelez-nous <br><strong>06 29 25 32 61<\/strong><\/a><\/div>\n<\/div>\n<\/div>\n<\/div><\/div>\n","protected":false},"excerpt":{"rendered":"<p>Contact Comment nous contacter ? Rien de plus simple ! Contact<\/p>\n","protected":false},"author":1,"featured_media":0,"parent":0,"menu_order":0,"comment_status":"closed","ping_status":"closed","template":"","meta":{"footnotes":""},"class_list":["post-38","page","type-page","status-publish","hentry"],"yoast_head":"<!-- This site is optimized with the Yoast SEO plugin v27.4 - https:\/\/yoast.com\/product\/yoast-seo-wordpress\/ -->\n<title>Contact - Cours de danse \u00e0 domicile - Bordeaux Gironde - Viladanse<\/title>\n<meta name=\"description\" content=\"Contact : nos professeurs de danses de couple cr\u00e9aient des chor\u00e9graphies d&#039;ouverture de bal mariage personnalis\u00e9e, \u00e0 domicile - Bordeaux\" \/>\n<meta name=\"robots\" content=\"index, follow, max-snippet:-1, max-image-preview:large, max-video-preview:-1\" \/>\n<link rel=\"canonical\" href=\"https:\/\/www.viladanse.fr\/index.php\/contact\/\" \/>\n<meta property=\"og:locale\" content=\"fr_FR\" \/>\n<meta property=\"og:type\" content=\"article\" \/>\n<meta property=\"og:title\" content=\"Contact - Cours de danse \u00e0 domicile - Bordeaux Gironde - Viladanse\" \/>\n<meta property=\"og:description\" content=\"Contact : nos professeurs de danses de couple cr\u00e9aient des chor\u00e9graphies d&#039;ouverture de bal mariage personnalis\u00e9e, \u00e0 domicile - Bordeaux\" \/>\n<meta property=\"og:url\" content=\"https:\/\/www.viladanse.fr\/index.php\/contact\/\" \/>\n<meta property=\"og:site_name\" content=\"Viladanse\" \/>\n<meta property=\"article:publisher\" content=\"https:\/\/www.facebook.com\/ClaireViladanse\/?locale=fr_FR\" \/>\n<meta property=\"article:modified_time\" content=\"2024-12-19T14:21:49+00:00\" \/>\n<meta property=\"og:image\" content=\"https:\/\/www.viladanse.fr\/wp-content\/uploads\/2024\/12\/retro-phone-notebook-coffee-cup-scaled.jpg\" \/>\n\t<meta property=\"og:image:width\" content=\"2560\" \/>\n\t<meta property=\"og:image:height\" content=\"1558\" \/>\n\t<meta property=\"og:image:type\" content=\"image\/jpeg\" \/>\n<meta name=\"twitter:card\" content=\"summary_large_image\" \/>\n<meta name=\"twitter:label1\" content=\"Dur\u00e9e de lecture estim\u00e9e\" \/>\n\t<meta name=\"twitter:data1\" content=\"2 minutes\" \/>\n<script type=\"application\/ld+json\" class=\"yoast-schema-graph\">{\"@context\":\"https:\\\/\\\/schema.org\",\"@graph\":[{\"@type\":\"WebPage\",\"@id\":\"https:\\\/\\\/www.viladanse.fr\\\/index.php\\\/contact\\\/\",\"url\":\"https:\\\/\\\/www.viladanse.fr\\\/index.php\\\/contact\\\/\",\"name\":\"Contact - Cours de danse \u00e0 domicile - Bordeaux Gironde - Viladanse\",\"isPartOf\":{\"@id\":\"https:\\\/\\\/www.viladanse.fr\\\/#website\"},\"primaryImageOfPage\":{\"@id\":\"https:\\\/\\\/www.viladanse.fr\\\/index.php\\\/contact\\\/#primaryimage\"},\"image\":{\"@id\":\"https:\\\/\\\/www.viladanse.fr\\\/index.php\\\/contact\\\/#primaryimage\"},\"thumbnailUrl\":\"https:\\\/\\\/www.viladanse.fr\\\/wp-content\\\/uploads\\\/2024\\\/12\\\/retro-phone-notebook-coffee-cup-scaled.jpg\",\"datePublished\":\"2020-03-12T10:45:48+00:00\",\"dateModified\":\"2024-12-19T14:21:49+00:00\",\"description\":\"Contact : nos professeurs de danses de couple cr\u00e9aient des chor\u00e9graphies d'ouverture de bal mariage personnalis\u00e9e, \u00e0 domicile - Bordeaux\",\"breadcrumb\":{\"@id\":\"https:\\\/\\\/www.viladanse.fr\\\/index.php\\\/contact\\\/#breadcrumb\"},\"inLanguage\":\"fr-FR\",\"potentialAction\":[{\"@type\":\"ReadAction\",\"target\":[\"https:\\\/\\\/www.viladanse.fr\\\/index.php\\\/contact\\\/\"]}]},{\"@type\":\"ImageObject\",\"inLanguage\":\"fr-FR\",\"@id\":\"https:\\\/\\\/www.viladanse.fr\\\/index.php\\\/contact\\\/#primaryimage\",\"url\":\"https:\\\/\\\/www.viladanse.fr\\\/wp-content\\\/uploads\\\/2024\\\/12\\\/retro-phone-notebook-coffee-cup-scaled.jpg\",\"contentUrl\":\"https:\\\/\\\/www.viladanse.fr\\\/wp-content\\\/uploads\\\/2024\\\/12\\\/retro-phone-notebook-coffee-cup-scaled.jpg\",\"width\":2560,\"height\":1558,\"caption\":\"Old, vintage phone on the table\"},{\"@type\":\"BreadcrumbList\",\"@id\":\"https:\\\/\\\/www.viladanse.fr\\\/index.php\\\/contact\\\/#breadcrumb\",\"itemListElement\":[{\"@type\":\"ListItem\",\"position\":1,\"name\":\"Accueil\",\"item\":\"https:\\\/\\\/www.viladanse.fr\\\/\"},{\"@type\":\"ListItem\",\"position\":2,\"name\":\"Contact &#8211; Cours de danse \u00e0 domicile &#8211; Bordeaux Gironde\"}]},{\"@type\":\"WebSite\",\"@id\":\"https:\\\/\\\/www.viladanse.fr\\\/#website\",\"url\":\"https:\\\/\\\/www.viladanse.fr\\\/\",\"name\":\"Viladanse\",\"description\":\"des cours \u00e0 domicile au TOP !\",\"publisher\":{\"@id\":\"https:\\\/\\\/www.viladanse.fr\\\/#organization\"},\"potentialAction\":[{\"@type\":\"SearchAction\",\"target\":{\"@type\":\"EntryPoint\",\"urlTemplate\":\"https:\\\/\\\/www.viladanse.fr\\\/?s={search_term_string}\"},\"query-input\":{\"@type\":\"PropertyValueSpecification\",\"valueRequired\":true,\"valueName\":\"search_term_string\"}}],\"inLanguage\":\"fr-FR\"},{\"@type\":\"Organization\",\"@id\":\"https:\\\/\\\/www.viladanse.fr\\\/#organization\",\"name\":\"Viladanse\",\"url\":\"https:\\\/\\\/www.viladanse.fr\\\/\",\"logo\":{\"@type\":\"ImageObject\",\"inLanguage\":\"fr-FR\",\"@id\":\"https:\\\/\\\/www.viladanse.fr\\\/#\\\/schema\\\/logo\\\/image\\\/\",\"url\":\"https:\\\/\\\/www.viladanse.fr\\\/wp-content\\\/uploads\\\/2025\\\/11\\\/LD-RVB-323x150-Viladanse-lettrine.png\",\"contentUrl\":\"https:\\\/\\\/www.viladanse.fr\\\/wp-content\\\/uploads\\\/2025\\\/11\\\/LD-RVB-323x150-Viladanse-lettrine.png\",\"width\":323,\"height\":150,\"caption\":\"Viladanse\"},\"image\":{\"@id\":\"https:\\\/\\\/www.viladanse.fr\\\/#\\\/schema\\\/logo\\\/image\\\/\"},\"sameAs\":[\"https:\\\/\\\/www.facebook.com\\\/ClaireViladanse\\\/?locale=fr_FR\",\"https:\\\/\\\/www.instagram.com\\\/claire_viladanse\\\/?hl=fr\"]}]}<\/script>\n<!-- \/ Yoast SEO plugin. -->","yoast_head_json":{"title":"Contact - Cours de danse \u00e0 domicile - Bordeaux Gironde - Viladanse","description":"Contact : nos professeurs de danses de couple cr\u00e9aient des chor\u00e9graphies d'ouverture de bal mariage personnalis\u00e9e, \u00e0 domicile - Bordeaux","robots":{"index":"index","follow":"follow","max-snippet":"max-snippet:-1","max-image-preview":"max-image-preview:large","max-video-preview":"max-video-preview:-1"},"canonical":"https:\/\/www.viladanse.fr\/index.php\/contact\/","og_locale":"fr_FR","og_type":"article","og_title":"Contact - Cours de danse \u00e0 domicile - Bordeaux Gironde - Viladanse","og_description":"Contact : nos professeurs de danses de couple cr\u00e9aient des chor\u00e9graphies d'ouverture de bal mariage personnalis\u00e9e, \u00e0 domicile - Bordeaux","og_url":"https:\/\/www.viladanse.fr\/index.php\/contact\/","og_site_name":"Viladanse","article_publisher":"https:\/\/www.facebook.com\/ClaireViladanse\/?locale=fr_FR","article_modified_time":"2024-12-19T14:21:49+00:00","og_image":[{"width":2560,"height":1558,"url":"https:\/\/www.viladanse.fr\/wp-content\/uploads\/2024\/12\/retro-phone-notebook-coffee-cup-scaled.jpg","type":"image\/jpeg"}],"twitter_card":"summary_large_image","twitter_misc":{"Dur\u00e9e de lecture estim\u00e9e":"2 minutes"},"schema":{"@context":"https:\/\/schema.org","@graph":[{"@type":"WebPage","@id":"https:\/\/www.viladanse.fr\/index.php\/contact\/","url":"https:\/\/www.viladanse.fr\/index.php\/contact\/","name":"Contact - Cours de danse \u00e0 domicile - Bordeaux Gironde - Viladanse","isPartOf":{"@id":"https:\/\/www.viladanse.fr\/#website"},"primaryImageOfPage":{"@id":"https:\/\/www.viladanse.fr\/index.php\/contact\/#primaryimage"},"image":{"@id":"https:\/\/www.viladanse.fr\/index.php\/contact\/#primaryimage"},"thumbnailUrl":"https:\/\/www.viladanse.fr\/wp-content\/uploads\/2024\/12\/retro-phone-notebook-coffee-cup-scaled.jpg","datePublished":"2020-03-12T10:45:48+00:00","dateModified":"2024-12-19T14:21:49+00:00","description":"Contact : nos professeurs de danses de couple cr\u00e9aient des chor\u00e9graphies d'ouverture de bal mariage personnalis\u00e9e, \u00e0 domicile - Bordeaux","breadcrumb":{"@id":"https:\/\/www.viladanse.fr\/index.php\/contact\/#breadcrumb"},"inLanguage":"fr-FR","potentialAction":[{"@type":"ReadAction","target":["https:\/\/www.viladanse.fr\/index.php\/contact\/"]}]},{"@type":"ImageObject","inLanguage":"fr-FR","@id":"https:\/\/www.viladanse.fr\/index.php\/contact\/#primaryimage","url":"https:\/\/www.viladanse.fr\/wp-content\/uploads\/2024\/12\/retro-phone-notebook-coffee-cup-scaled.jpg","contentUrl":"https:\/\/www.viladanse.fr\/wp-content\/uploads\/2024\/12\/retro-phone-notebook-coffee-cup-scaled.jpg","width":2560,"height":1558,"caption":"Old, vintage phone on the table"},{"@type":"BreadcrumbList","@id":"https:\/\/www.viladanse.fr\/index.php\/contact\/#breadcrumb","itemListElement":[{"@type":"ListItem","position":1,"name":"Accueil","item":"https:\/\/www.viladanse.fr\/"},{"@type":"ListItem","position":2,"name":"Contact &#8211; Cours de danse \u00e0 domicile &#8211; Bordeaux Gironde"}]},{"@type":"WebSite","@id":"https:\/\/www.viladanse.fr\/#website","url":"https:\/\/www.viladanse.fr\/","name":"Viladanse","description":"des cours \u00e0 domicile au TOP !","publisher":{"@id":"https:\/\/www.viladanse.fr\/#organization"},"potentialAction":[{"@type":"SearchAction","target":{"@type":"EntryPoint","urlTemplate":"https:\/\/www.viladanse.fr\/?s={search_term_string}"},"query-input":{"@type":"PropertyValueSpecification","valueRequired":true,"valueName":"search_term_string"}}],"inLanguage":"fr-FR"},{"@type":"Organization","@id":"https:\/\/www.viladanse.fr\/#organization","name":"Viladanse","url":"https:\/\/www.viladanse.fr\/","logo":{"@type":"ImageObject","inLanguage":"fr-FR","@id":"https:\/\/www.viladanse.fr\/#\/schema\/logo\/image\/","url":"https:\/\/www.viladanse.fr\/wp-content\/uploads\/2025\/11\/LD-RVB-323x150-Viladanse-lettrine.png","contentUrl":"https:\/\/www.viladanse.fr\/wp-content\/uploads\/2025\/11\/LD-RVB-323x150-Viladanse-lettrine.png","width":323,"height":150,"caption":"Viladanse"},"image":{"@id":"https:\/\/www.viladanse.fr\/#\/schema\/logo\/image\/"},"sameAs":["https:\/\/www.facebook.com\/ClaireViladanse\/?locale=fr_FR","https:\/\/www.instagram.com\/claire_viladanse\/?hl=fr"]}]}},"_links":{"self":[{"href":"https:\/\/www.viladanse.fr\/index.php\/wp-json\/wp\/v2\/pages\/38","targetHints":{"allow":["GET"]}}],"collection":[{"href":"https:\/\/www.viladanse.fr\/index.php\/wp-json\/wp\/v2\/pages"}],"about":[{"href":"https:\/\/www.viladanse.fr\/index.php\/wp-json\/wp\/v2\/types\/page"}],"author":[{"embeddable":true,"href":"https:\/\/www.viladanse.fr\/index.php\/wp-json\/wp\/v2\/users\/1"}],"replies":[{"embeddable":true,"href":"https:\/\/www.viladanse.fr\/index.php\/wp-json\/wp\/v2\/comments?post=38"}],"version-history":[{"count":40,"href":"https:\/\/www.viladanse.fr\/index.php\/wp-json\/wp\/v2\/pages\/38\/revisions"}],"predecessor-version":[{"id":3595,"href":"https:\/\/www.viladanse.fr\/index.php\/wp-json\/wp\/v2\/pages\/38\/revisions\/3595"}],"wp:attachment":[{"href":"https:\/\/www.viladanse.fr\/index.php\/wp-json\/wp\/v2\/media?parent=38"}],"curies":[{"name":"wp","href":"https:\/\/api.w.org\/{rel}","templated":true}]}}