{"id":3,"date":"2020-03-12T11:19:18","date_gmt":"2020-03-12T10:19:18","guid":{"rendered":"http:\/\/www.viladanse.fr\/?page_id=3"},"modified":"2021-11-18T21:58:28","modified_gmt":"2021-11-18T20:58:28","slug":"politique-de-confidentialite-viladanse","status":"publish","type":"page","link":"https:\/\/www.viladanse.fr\/index.php\/politique-de-confidentialite-viladanse\/","title":{"rendered":"Viladanse \u00e0 Bordeaux : Politique de confidentialit\u00e9"},"content":{"rendered":"\n<h2 class=\"wp-block-heading\">Viladanse : Qui sommes-nous&nbsp;?<\/h2>\n\n\n\n<h4 class=\"wp-block-heading\">Notre soci\u00e9t\u00e9 pour les cours de danse \u00e0 domicile exclusivement<\/h4>\n\n\n\n<p>VILADANSE, \u00e0 Bordeaux &#8211; Gironde.<\/p>\n\n\n\n<p>SASU au capital de 500 \u20ac<br>RCS Bordeaux 882249477<br>Code APE 8552Z<br>N\u00b0 TVA : FR41 882249477<br>Si\u00e8ge social : A202 56 RUE ELIE LOURMET 33140 VILLENAVE D ORNON<\/p>\n\n\n\n<p>Directrice de la publication : Claire SOMMET<br>G\u00e9rance : Claire SOMMET<\/p>\n\n\n\n<h4 class=\"wp-block-heading\">H\u00e9bergement<\/h4>\n\n\n\n<p>Notre site internet est h\u00e9berg\u00e9 chez :<br>OVH SAS<br>SAS au capital de 10 069 020 \u20ac<br>Si\u00e8ge social : 2 rue Kellermann \u2013 59100 Roubaix \u2013 France <br>T\u00e9l\u00e9phone : 1007<\/p>\n\n\n\n<h4 class=\"wp-block-heading\">Donn\u00e9es personnelles<\/h4>\n\n\n\n<p>D\u2019une fa\u00e7on g\u00e9n\u00e9rale, vous pouvez visiter notre site Viladanse sur Internet  sans avoir \u00e0 d\u00e9cliner votre identit\u00e9 et \u00e0 fournir des  informations  personnelles vous concernant. Cependant, nous pouvons  vous demander des  informations pour  \u00e9tablir une correspondance, fournir un abonnement ou  soumettre  une candidature \u00e0 un poste. Nous pouvons compl\u00e9ter ces  informations  pour conclure une transaction ou offrir un meilleur  service.<\/p>\n\n\n\n<h4 class=\"wp-block-heading\">Liens<\/h4>\n\n\n\n<p>Le site Viladanse peut inclure des liens vers d\u2019autres sites web ou   sources externes. La Soci\u00e9t\u00e9 Viladanse ne peut \u00eatre tenue pour   responsable du contenu de ces sites et sources externes et  ne peut  supporter aucune responsabilit\u00e9 quant au contenu, publicit\u00e9s,  produits,  services ou tout autre mat\u00e9riel disponible sur et \u00e0 partir de  ces  sites ou ces sources.<\/p>\n\n\n\n<h4 class=\"wp-block-heading\">Utilisation des cookies<\/h4>\n\n\n\n<p>Ce site web utilise des \u00ab&nbsp;cookies&nbsp;\u00bb \u00e0 des fins statistiques et  \ntechniques, dans le but notamment d\u2019am\u00e9liorer la navigation et la  \npertinence du contenu pour chaque utilisateur. Les cookies r\u00e9colt\u00e9s ne  \nnous permettent pas de vous identifier personnellement. Il vous est  \npossible de vous opposer \u00e0 l\u2019enregistrement de cookies en d\u00e9sactivant  \ncette fonction de votre navigateur dans les pr\u00e9f\u00e9rences de celui-ci \n(voir page de la CNIL \u00e0 ce propos <a href=\"https:\/\/www.cnil.fr\/fr\/cookies-les-outils-pour-les-maitriser\">ici<\/a> )<\/p>\n\n\n\n<h4 class=\"wp-block-heading\">Google Analytics et autres services Google<\/h4>\n\n\n\n<p>Ce site web utilise Google Analytics, un service analytique Web  \nfourni par Google, Inc. (\u00ab&nbsp;Google&nbsp;\u00bb). Google Analytics utilise des  \n\u00ab&nbsp;cookies&nbsp;\u00bb qui sont des fichiers texte plac\u00e9s sur votre ordinateur afin\n  d\u2019aider le site Web \u00e0 analyser la mani\u00e8re dont les utilisateurs font  \nusage du site. Les informations g\u00e9n\u00e9r\u00e9es par le cookie concernant votre \n utilisation du site web (y compris votre adresse IP) seront transmises \n et stock\u00e9es par Google sur ses serveurs aux Etats-Unis. Google \nutilisera  ces informations aux fins d\u2019\u00e9valuer votre utilisation du site\n web, de  compiler des rapports sur l\u2019activit\u00e9 du site web \u00e0 destination\n des  exploitants du site web et de fournir d\u2019autres services se \nrapportant \u00e0  l\u2019activit\u00e9 du site web et \u00e0 l\u2019usage d\u2019Internet. Google \npourra \u00e9galement  communiquer ces informations \u00e0 des tiers lorsque cela \nest requis par la  loi ou lorsque ces tiers traitent les informations \npour le compte de  Google. Google, s\u2019engage \u00e0 ne pas associer votre \nadresse IP \u00e0 d\u2019autres  donn\u00e9es d\u00e9tenues par Google. Vous avez la \npossibilit\u00e9 de refuser l\u2019usage  de cookies en s\u00e9lectionnant les \nconsignes requises sur votre  navigateur. Le refus de ces cookies ne \nperturbera pas votre exp\u00e9rience de visite sur notre site internet. En \nutilisant ce site web, vous acceptez  que Google traite des donn\u00e9es vous\n concernant de la mani\u00e8re et aux fins  d\u00e9crites ci-dessus.<\/p>\n","protected":false},"excerpt":{"rendered":"<p>Viladanse : Qui sommes-nous&nbsp;? Notre soci\u00e9t\u00e9 pour les cours de danse \u00e0 domicile exclusivement VILADANSE, \u00e0 Bordeaux &#8211; Gironde. SASU au capital de 500 \u20acRCS Bordeaux 882249477Code APE 8552ZN\u00b0 TVA : FR41 882249477Si\u00e8ge social : A202 56 RUE ELIE LOURMET 33140 VILLENAVE D ORNON Directrice de la publication : Claire SOMMETG\u00e9rance : Claire SOMMET H\u00e9bergement [&hellip;]<\/p>\n","protected":false},"author":1,"featured_media":0,"parent":0,"menu_order":0,"comment_status":"closed","ping_status":"open","template":"","meta":{"footnotes":""},"class_list":["post-3","page","type-page","status-publish","hentry"],"yoast_head":"<!-- This site is optimized with the Yoast SEO plugin v27.4 - https:\/\/yoast.com\/product\/yoast-seo-wordpress\/ -->\n<title>Viladanse \u00e0 Bordeaux : Politique de confidentialit\u00e9 - Viladanse<\/title>\n<meta name=\"description\" content=\"Viladanse, leader des cours de danse \u00e0 domicile \u00e0 Bordeaux CUB - Libourne. Professeurs dipl\u00f4m\u00e9s, Service \u00e0 la personne, -50%. Danse mariage\" \/>\n<meta name=\"robots\" content=\"index, follow, max-snippet:-1, max-image-preview:large, max-video-preview:-1\" \/>\n<link rel=\"canonical\" href=\"https:\/\/www.viladanse.fr\/index.php\/politique-de-confidentialite-viladanse\/\" \/>\n<meta property=\"og:locale\" content=\"fr_FR\" \/>\n<meta property=\"og:type\" content=\"article\" \/>\n<meta property=\"og:title\" content=\"Viladanse \u00e0 Bordeaux : Politique de confidentialit\u00e9 - Viladanse\" \/>\n<meta property=\"og:description\" content=\"Viladanse, leader des cours de danse \u00e0 domicile \u00e0 Bordeaux CUB - Libourne. Professeurs dipl\u00f4m\u00e9s, Service \u00e0 la personne, -50%. Danse mariage\" \/>\n<meta property=\"og:url\" content=\"https:\/\/www.viladanse.fr\/index.php\/politique-de-confidentialite-viladanse\/\" \/>\n<meta property=\"og:site_name\" content=\"Viladanse\" \/>\n<meta property=\"article:publisher\" content=\"https:\/\/www.facebook.com\/ClaireViladanse\/?locale=fr_FR\" \/>\n<meta property=\"article:modified_time\" content=\"2021-11-18T20:58:28+00:00\" \/>\n<meta name=\"twitter:card\" content=\"summary_large_image\" \/>\n<meta name=\"twitter:label1\" content=\"Dur\u00e9e de lecture estim\u00e9e\" \/>\n\t<meta name=\"twitter:data1\" content=\"3 minutes\" \/>\n<script type=\"application\/ld+json\" class=\"yoast-schema-graph\">{\"@context\":\"https:\\\/\\\/schema.org\",\"@graph\":[{\"@type\":\"WebPage\",\"@id\":\"https:\\\/\\\/www.viladanse.fr\\\/index.php\\\/politique-de-confidentialite-viladanse\\\/\",\"url\":\"https:\\\/\\\/www.viladanse.fr\\\/index.php\\\/politique-de-confidentialite-viladanse\\\/\",\"name\":\"Viladanse \u00e0 Bordeaux : Politique de confidentialit\u00e9 - Viladanse\",\"isPartOf\":{\"@id\":\"https:\\\/\\\/www.viladanse.fr\\\/#website\"},\"datePublished\":\"2020-03-12T10:19:18+00:00\",\"dateModified\":\"2021-11-18T20:58:28+00:00\",\"description\":\"Viladanse, leader des cours de danse \u00e0 domicile \u00e0 Bordeaux CUB - Libourne. Professeurs dipl\u00f4m\u00e9s, Service \u00e0 la personne, -50%. Danse mariage\",\"breadcrumb\":{\"@id\":\"https:\\\/\\\/www.viladanse.fr\\\/index.php\\\/politique-de-confidentialite-viladanse\\\/#breadcrumb\"},\"inLanguage\":\"fr-FR\",\"potentialAction\":[{\"@type\":\"ReadAction\",\"target\":[\"https:\\\/\\\/www.viladanse.fr\\\/index.php\\\/politique-de-confidentialite-viladanse\\\/\"]}]},{\"@type\":\"BreadcrumbList\",\"@id\":\"https:\\\/\\\/www.viladanse.fr\\\/index.php\\\/politique-de-confidentialite-viladanse\\\/#breadcrumb\",\"itemListElement\":[{\"@type\":\"ListItem\",\"position\":1,\"name\":\"Accueil\",\"item\":\"https:\\\/\\\/www.viladanse.fr\\\/\"},{\"@type\":\"ListItem\",\"position\":2,\"name\":\"Viladanse \u00e0 Bordeaux : Politique de confidentialit\u00e9\"}]},{\"@type\":\"WebSite\",\"@id\":\"https:\\\/\\\/www.viladanse.fr\\\/#website\",\"url\":\"https:\\\/\\\/www.viladanse.fr\\\/\",\"name\":\"Viladanse\",\"description\":\"des cours \u00e0 domicile au TOP !\",\"publisher\":{\"@id\":\"https:\\\/\\\/www.viladanse.fr\\\/#organization\"},\"potentialAction\":[{\"@type\":\"SearchAction\",\"target\":{\"@type\":\"EntryPoint\",\"urlTemplate\":\"https:\\\/\\\/www.viladanse.fr\\\/?s={search_term_string}\"},\"query-input\":{\"@type\":\"PropertyValueSpecification\",\"valueRequired\":true,\"valueName\":\"search_term_string\"}}],\"inLanguage\":\"fr-FR\"},{\"@type\":\"Organization\",\"@id\":\"https:\\\/\\\/www.viladanse.fr\\\/#organization\",\"name\":\"Viladanse\",\"url\":\"https:\\\/\\\/www.viladanse.fr\\\/\",\"logo\":{\"@type\":\"ImageObject\",\"inLanguage\":\"fr-FR\",\"@id\":\"https:\\\/\\\/www.viladanse.fr\\\/#\\\/schema\\\/logo\\\/image\\\/\",\"url\":\"https:\\\/\\\/www.viladanse.fr\\\/wp-content\\\/uploads\\\/2025\\\/11\\\/LD-RVB-323x150-Viladanse-lettrine.png\",\"contentUrl\":\"https:\\\/\\\/www.viladanse.fr\\\/wp-content\\\/uploads\\\/2025\\\/11\\\/LD-RVB-323x150-Viladanse-lettrine.png\",\"width\":323,\"height\":150,\"caption\":\"Viladanse\"},\"image\":{\"@id\":\"https:\\\/\\\/www.viladanse.fr\\\/#\\\/schema\\\/logo\\\/image\\\/\"},\"sameAs\":[\"https:\\\/\\\/www.facebook.com\\\/ClaireViladanse\\\/?locale=fr_FR\",\"https:\\\/\\\/www.instagram.com\\\/claire_viladanse\\\/?hl=fr\"]}]}<\/script>\n<!-- \/ Yoast SEO plugin. -->","yoast_head_json":{"title":"Viladanse \u00e0 Bordeaux : Politique de confidentialit\u00e9 - Viladanse","description":"Viladanse, leader des cours de danse \u00e0 domicile \u00e0 Bordeaux CUB - Libourne. Professeurs dipl\u00f4m\u00e9s, Service \u00e0 la personne, -50%. Danse mariage","robots":{"index":"index","follow":"follow","max-snippet":"max-snippet:-1","max-image-preview":"max-image-preview:large","max-video-preview":"max-video-preview:-1"},"canonical":"https:\/\/www.viladanse.fr\/index.php\/politique-de-confidentialite-viladanse\/","og_locale":"fr_FR","og_type":"article","og_title":"Viladanse \u00e0 Bordeaux : Politique de confidentialit\u00e9 - Viladanse","og_description":"Viladanse, leader des cours de danse \u00e0 domicile \u00e0 Bordeaux CUB - Libourne. Professeurs dipl\u00f4m\u00e9s, Service \u00e0 la personne, -50%. Danse mariage","og_url":"https:\/\/www.viladanse.fr\/index.php\/politique-de-confidentialite-viladanse\/","og_site_name":"Viladanse","article_publisher":"https:\/\/www.facebook.com\/ClaireViladanse\/?locale=fr_FR","article_modified_time":"2021-11-18T20:58:28+00:00","twitter_card":"summary_large_image","twitter_misc":{"Dur\u00e9e de lecture estim\u00e9e":"3 minutes"},"schema":{"@context":"https:\/\/schema.org","@graph":[{"@type":"WebPage","@id":"https:\/\/www.viladanse.fr\/index.php\/politique-de-confidentialite-viladanse\/","url":"https:\/\/www.viladanse.fr\/index.php\/politique-de-confidentialite-viladanse\/","name":"Viladanse \u00e0 Bordeaux : Politique de confidentialit\u00e9 - Viladanse","isPartOf":{"@id":"https:\/\/www.viladanse.fr\/#website"},"datePublished":"2020-03-12T10:19:18+00:00","dateModified":"2021-11-18T20:58:28+00:00","description":"Viladanse, leader des cours de danse \u00e0 domicile \u00e0 Bordeaux CUB - Libourne. Professeurs dipl\u00f4m\u00e9s, Service \u00e0 la personne, -50%. Danse mariage","breadcrumb":{"@id":"https:\/\/www.viladanse.fr\/index.php\/politique-de-confidentialite-viladanse\/#breadcrumb"},"inLanguage":"fr-FR","potentialAction":[{"@type":"ReadAction","target":["https:\/\/www.viladanse.fr\/index.php\/politique-de-confidentialite-viladanse\/"]}]},{"@type":"BreadcrumbList","@id":"https:\/\/www.viladanse.fr\/index.php\/politique-de-confidentialite-viladanse\/#breadcrumb","itemListElement":[{"@type":"ListItem","position":1,"name":"Accueil","item":"https:\/\/www.viladanse.fr\/"},{"@type":"ListItem","position":2,"name":"Viladanse \u00e0 Bordeaux : Politique de confidentialit\u00e9"}]},{"@type":"WebSite","@id":"https:\/\/www.viladanse.fr\/#website","url":"https:\/\/www.viladanse.fr\/","name":"Viladanse","description":"des cours \u00e0 domicile au TOP !","publisher":{"@id":"https:\/\/www.viladanse.fr\/#organization"},"potentialAction":[{"@type":"SearchAction","target":{"@type":"EntryPoint","urlTemplate":"https:\/\/www.viladanse.fr\/?s={search_term_string}"},"query-input":{"@type":"PropertyValueSpecification","valueRequired":true,"valueName":"search_term_string"}}],"inLanguage":"fr-FR"},{"@type":"Organization","@id":"https:\/\/www.viladanse.fr\/#organization","name":"Viladanse","url":"https:\/\/www.viladanse.fr\/","logo":{"@type":"ImageObject","inLanguage":"fr-FR","@id":"https:\/\/www.viladanse.fr\/#\/schema\/logo\/image\/","url":"https:\/\/www.viladanse.fr\/wp-content\/uploads\/2025\/11\/LD-RVB-323x150-Viladanse-lettrine.png","contentUrl":"https:\/\/www.viladanse.fr\/wp-content\/uploads\/2025\/11\/LD-RVB-323x150-Viladanse-lettrine.png","width":323,"height":150,"caption":"Viladanse"},"image":{"@id":"https:\/\/www.viladanse.fr\/#\/schema\/logo\/image\/"},"sameAs":["https:\/\/www.facebook.com\/ClaireViladanse\/?locale=fr_FR","https:\/\/www.instagram.com\/claire_viladanse\/?hl=fr"]}]}},"_links":{"self":[{"href":"https:\/\/www.viladanse.fr\/index.php\/wp-json\/wp\/v2\/pages\/3","targetHints":{"allow":["GET"]}}],"collection":[{"href":"https:\/\/www.viladanse.fr\/index.php\/wp-json\/wp\/v2\/pages"}],"about":[{"href":"https:\/\/www.viladanse.fr\/index.php\/wp-json\/wp\/v2\/types\/page"}],"author":[{"embeddable":true,"href":"https:\/\/www.viladanse.fr\/index.php\/wp-json\/wp\/v2\/users\/1"}],"replies":[{"embeddable":true,"href":"https:\/\/www.viladanse.fr\/index.php\/wp-json\/wp\/v2\/comments?post=3"}],"version-history":[{"count":5,"href":"https:\/\/www.viladanse.fr\/index.php\/wp-json\/wp\/v2\/pages\/3\/revisions"}],"predecessor-version":[{"id":3402,"href":"https:\/\/www.viladanse.fr\/index.php\/wp-json\/wp\/v2\/pages\/3\/revisions\/3402"}],"wp:attachment":[{"href":"https:\/\/www.viladanse.fr\/index.php\/wp-json\/wp\/v2\/media?parent=3"}],"curies":[{"name":"wp","href":"https:\/\/api.w.org\/{rel}","templated":true}]}}