{"id":2289,"date":"2020-03-28T21:11:26","date_gmt":"2020-03-28T20:11:26","guid":{"rendered":"http:\/\/www.viladanse.fr\/?page_id=2289"},"modified":"2021-11-18T14:30:19","modified_gmt":"2021-11-18T13:30:19","slug":"reservez-un-rendez-vous-sur-notre-site-ouverture-de-bal-mariage","status":"publish","type":"page","link":"https:\/\/www.viladanse.fr\/index.php\/reservez-un-rendez-vous-sur-notre-site-ouverture-de-bal-mariage\/","title":{"rendered":"R\u00e9servez un rendez-vous sur notre site"},"content":{"rendered":"\n<p class=\"has-text-color\" style=\"color:#ffffff;font-size:6px\">R\u00e9servez un rendez-vous<\/p>\n\n\n\n<div class=\"wp-block-cover has-background-dim\" style=\"background-color:#efca13;min-height:120px;aspect-ratio:unset;\"><div class=\"wp-block-cover__inner-container is-layout-flow wp-block-cover-is-layout-flow\">\n<h2 class=\"has-text-align-center wp-block-heading\">R\u00e9servez un rendez-vous directement sur notre site.<\/h2>\n<\/div><\/div>\n\n\n\n<hr class=\"wp-block-separator has-text-color has-background is-style-dots\" style=\"background-color:#ffffff;color:#ffffff\"\/>\n\n\n\n<h2 class=\"has-text-align-center wp-block-heading\">Un rendez-vous visio ou t\u00e9l\u00e9phonique, GRATUIT et SANS ENGAGEMENT. <\/h2>\n\n\n\n<hr class=\"wp-block-separator has-text-color has-background is-style-dots\" style=\"background-color:#ffffff;color:#ffffff\"\/>\n\n\n\n<h4 class=\"has-text-color wp-block-heading\" style=\"color:#efca13\">1 &#8211; <strong>Rendez-vous de 30 min par Messenger ou Skype.<\/strong><\/h4>\n\n\n\n<p>Pour une<a href=\"http:\/\/www.mariagedanse-animationgironde.fr\/index.html\" target=\"_blank\" rel=\"noreferrer noopener\" aria-label=\" ouverture de bal  (s\u2019ouvre dans un nouvel onglet)\"> ouverture de bal <\/a>avec une seule musique choisie ou un \u00e9v\u00e9nement particulier.<\/p>\n\n\n\n<h6 class=\"wp-block-heading\"><strong>Pour le projet d&rsquo;ouverture de bal de mariage, pr\u00e9parez, en amont :<\/strong><\/h6>\n\n\n\n<ul class=\"wp-block-list\"><li>Votre musique pr\u00e9f\u00e9r\u00e9e, et choisie.<\/li><li>Une photo de la robe de la mari\u00e9e.<\/li><\/ul>\n\n\n\n<p><strong> Objectif :<\/strong> Nous d\u00e9finirons ensemble votre projet de danse, le nombre d&rsquo;heure, le professeur, les disponibilit\u00e9s, les modalit\u00e9s.<\/p>\n\n\n\n<hr class=\"wp-block-separator has-text-color has-background is-style-dots\" style=\"background-color:#ffffff;color:#ffffff\"\/>\n\n\n\n<h4 class=\"has-text-color wp-block-heading\" style=\"color:#efca13\"><strong>2 &#8211; Rendez-vous de 30 min maxi<\/strong> par t\u00e9l\u00e9phone.<\/h4>\n\n\n\n<p>Uniquement pour un projet d&rsquo;ouverture de bal avec plusieurs musiques (medley).<\/p>\n\n\n\n<p><strong>Pr\u00e9parez :<\/strong><\/p>\n\n\n\n<ul class=\"wp-block-list\"><li>une liste de vos musiques pr\u00e9f\u00e9r\u00e9es,<\/li><li>une photo de la robe de la mari\u00e9e,<\/li><li>des vid\u00e9os si vous avez une id\u00e9es pr\u00e9cises de mouvements ou de port\u00e9s.<\/li><\/ul>\n\n\n\n<h6 class=\"wp-block-heading\">Si vous h\u00e9sitez entre plusieurs musiques, nous vous conseillerons.<\/h6>\n\n\n\n<p>Nous d\u00e9finissons ensemble votre projet de danse, pour la cr\u00e9ation de la chor\u00e9graphie personnalis\u00e9e et du montage musical.<\/p>\n\n\n\n<p>Nous vous questionnerons et nous vous \u00e9couterons attentivement.  Fort de notre exp\u00e9rience de  10 ans pass\u00e9s, nous pourrons ainsi vous donner le nombre d&rsquo;heure \u00e0 faire, pour r\u00e9aliser votre chor\u00e9graphie sur-mesure. <\/p>\n\n\n\n<p>Nous y verrons \u00e9galement les tarifs, les modalit\u00e9s et les disponibilit\u00e9s de votre professeur de danse priv\u00e9.<\/p>\n\n\n\n<hr class=\"wp-block-separator has-text-color has-background is-style-dots\" style=\"background-color:#ffffff;color:#ffffff\"\/>\n\n\n\n<div class=\"wp-block-columns is-layout-flex wp-container-core-columns-is-layout-9d6595d7 wp-block-columns-is-layout-flex\">\n<div class=\"wp-block-column is-layout-flow wp-block-column-is-layout-flow\">\n<div class=\"wp-block-image\"><figure class=\"aligncenter size-large is-resized\"><img loading=\"lazy\" decoding=\"async\" src=\"http:\/\/www.viladanse.fr\/wp-content\/uploads\/2020\/03\/HD-2563x1000-RVB-Viladanse-logo-1-1024x400.png\" alt=\"Cours de danses \u00e0 domicile \u00e0 Bordeaux, pessac, villenvave d'ornon, Libourne. Danse animation, danse mariage, danse entreprise avec nos professeurs de danse de salon. Cours de danse sur mesure selon vos objectifs, vos envies, vos condition physique, votre niveau.\" class=\"wp-image-998\" width=\"189\" height=\"73\" srcset=\"https:\/\/www.viladanse.fr\/wp-content\/uploads\/2020\/03\/HD-2563x1000-RVB-Viladanse-logo-1-1024x400.png 1024w, https:\/\/www.viladanse.fr\/wp-content\/uploads\/2020\/03\/HD-2563x1000-RVB-Viladanse-logo-1-300x117.png 300w, https:\/\/www.viladanse.fr\/wp-content\/uploads\/2020\/03\/HD-2563x1000-RVB-Viladanse-logo-1-768x300.png 768w, https:\/\/www.viladanse.fr\/wp-content\/uploads\/2020\/03\/HD-2563x1000-RVB-Viladanse-logo-1-1536x599.png 1536w, https:\/\/www.viladanse.fr\/wp-content\/uploads\/2020\/03\/HD-2563x1000-RVB-Viladanse-logo-1-2048x799.png 2048w\" sizes=\"auto, (max-width: 189px) 100vw, 189px\" \/><\/figure><\/div>\n<\/div>\n\n\n\n<div class=\"wp-block-column is-layout-flow wp-block-column-is-layout-flow\">\n<div class=\"wp-block-button aligncenter is-style-fill\"><a class=\"wp-block-button__link has-very-dark-gray-color has-text-color has-background\" href=\"tel:0629253261\" style=\"background-color:#ffffff\">Appelez-nous<br><strong>06 29 25 32 61<\/strong><\/a><\/div>\n<\/div>\n\n\n\n<div class=\"wp-block-column is-layout-flow wp-block-column-is-layout-flow\">\n<div class=\"wp-block-image\"><figure class=\"aligncenter size-large is-resized\"><img loading=\"lazy\" decoding=\"async\" src=\"http:\/\/www.viladanse.fr\/wp-content\/uploads\/2020\/03\/unnamed.jpg\" alt=\"Service \u00e0 la personne pour les cours de danse \u00e0 domicile \u00e0 Bordeaux, B\u00e8gles, villenave d'ornon, talence, bruges, caud\u00e9ran, Libourne.\" class=\"wp-image-856\" width=\"201\" height=\"122\"\/><\/figure><\/div>\n<\/div>\n\n\n\n<div class=\"wp-block-column is-layout-flow wp-block-column-is-layout-flow\">\n<div class=\"wp-block-button aligncenter is-style-fill\"><a class=\"wp-block-button__link has-very-dark-gray-color has-text-color has-background no-border-radius\" href=\"http:\/\/www.viladanse.fr\/index.php\/contact\/\" style=\"background-color:#efca13\">CONTACT &gt;<\/a><\/div>\n<\/div>\n<\/div>\n","protected":false},"excerpt":{"rendered":"<p>R\u00e9servez un rendez-vous Un rendez-vous visio ou t\u00e9l\u00e9phonique, GRATUIT et SANS ENGAGEMENT. 1 &#8211; Rendez-vous de 30 min par Messenger ou Skype. Pour une ouverture de bal avec une seule musique choisie ou un \u00e9v\u00e9nement particulier. Pour le projet d&rsquo;ouverture de bal de mariage, pr\u00e9parez, en amont : Votre musique pr\u00e9f\u00e9r\u00e9e, et choisie. Une photo [&hellip;]<\/p>\n","protected":false},"author":1,"featured_media":0,"parent":0,"menu_order":0,"comment_status":"closed","ping_status":"closed","template":"","meta":{"footnotes":""},"class_list":["post-2289","page","type-page","status-publish","hentry"],"yoast_head":"<!-- This site is optimized with the Yoast SEO plugin v27.4 - https:\/\/yoast.com\/product\/yoast-seo-wordpress\/ -->\n<title>R\u00e9servez un rendez-vous sur notre site - Viladanse<\/title>\n<meta name=\"description\" content=\"R\u00e9servez un rendez-vous via Messenger ou par t\u00e9l\u00e9phone, Bordeaux, pour discuter de votre projet d&#039;ouverture de bal de mariage, danse s\u00e9niors.\" \/>\n<meta name=\"robots\" content=\"index, follow, max-snippet:-1, max-image-preview:large, max-video-preview:-1\" \/>\n<link rel=\"canonical\" href=\"https:\/\/www.viladanse.fr\/index.php\/reservez-un-rendez-vous-sur-notre-site-ouverture-de-bal-mariage\/\" \/>\n<meta property=\"og:locale\" content=\"fr_FR\" \/>\n<meta property=\"og:type\" content=\"article\" \/>\n<meta property=\"og:title\" content=\"R\u00e9servez un rendez-vous sur notre site - Viladanse\" \/>\n<meta property=\"og:description\" content=\"R\u00e9servez un rendez-vous via Messenger ou par t\u00e9l\u00e9phone, Bordeaux, pour discuter de votre projet d&#039;ouverture de bal de mariage, danse s\u00e9niors.\" \/>\n<meta property=\"og:url\" content=\"https:\/\/www.viladanse.fr\/index.php\/reservez-un-rendez-vous-sur-notre-site-ouverture-de-bal-mariage\/\" \/>\n<meta property=\"og:site_name\" content=\"Viladanse\" \/>\n<meta property=\"article:publisher\" content=\"https:\/\/www.facebook.com\/ClaireViladanse\/?locale=fr_FR\" \/>\n<meta property=\"article:modified_time\" content=\"2021-11-18T13:30:19+00:00\" \/>\n<meta property=\"og:image\" content=\"http:\/\/www.viladanse.fr\/wp-content\/uploads\/2020\/03\/HD-2563x1000-RVB-Viladanse-logo-1-1024x400.png\" \/>\n<meta name=\"twitter:card\" content=\"summary_large_image\" \/>\n<meta name=\"twitter:label1\" content=\"Dur\u00e9e de lecture estim\u00e9e\" \/>\n\t<meta name=\"twitter:data1\" content=\"2 minutes\" \/>\n<script type=\"application\/ld+json\" class=\"yoast-schema-graph\">{\"@context\":\"https:\\\/\\\/schema.org\",\"@graph\":[{\"@type\":\"WebPage\",\"@id\":\"https:\\\/\\\/www.viladanse.fr\\\/index.php\\\/reservez-un-rendez-vous-sur-notre-site-ouverture-de-bal-mariage\\\/\",\"url\":\"https:\\\/\\\/www.viladanse.fr\\\/index.php\\\/reservez-un-rendez-vous-sur-notre-site-ouverture-de-bal-mariage\\\/\",\"name\":\"R\u00e9servez un rendez-vous sur notre site - Viladanse\",\"isPartOf\":{\"@id\":\"https:\\\/\\\/www.viladanse.fr\\\/#website\"},\"primaryImageOfPage\":{\"@id\":\"https:\\\/\\\/www.viladanse.fr\\\/index.php\\\/reservez-un-rendez-vous-sur-notre-site-ouverture-de-bal-mariage\\\/#primaryimage\"},\"image\":{\"@id\":\"https:\\\/\\\/www.viladanse.fr\\\/index.php\\\/reservez-un-rendez-vous-sur-notre-site-ouverture-de-bal-mariage\\\/#primaryimage\"},\"thumbnailUrl\":\"http:\\\/\\\/www.viladanse.fr\\\/wp-content\\\/uploads\\\/2020\\\/03\\\/HD-2563x1000-RVB-Viladanse-logo-1-1024x400.png\",\"datePublished\":\"2020-03-28T20:11:26+00:00\",\"dateModified\":\"2021-11-18T13:30:19+00:00\",\"description\":\"R\u00e9servez un rendez-vous via Messenger ou par t\u00e9l\u00e9phone, Bordeaux, pour discuter de votre projet d'ouverture de bal de mariage, danse s\u00e9niors.\",\"breadcrumb\":{\"@id\":\"https:\\\/\\\/www.viladanse.fr\\\/index.php\\\/reservez-un-rendez-vous-sur-notre-site-ouverture-de-bal-mariage\\\/#breadcrumb\"},\"inLanguage\":\"fr-FR\",\"potentialAction\":[{\"@type\":\"ReadAction\",\"target\":[\"https:\\\/\\\/www.viladanse.fr\\\/index.php\\\/reservez-un-rendez-vous-sur-notre-site-ouverture-de-bal-mariage\\\/\"]}]},{\"@type\":\"ImageObject\",\"inLanguage\":\"fr-FR\",\"@id\":\"https:\\\/\\\/www.viladanse.fr\\\/index.php\\\/reservez-un-rendez-vous-sur-notre-site-ouverture-de-bal-mariage\\\/#primaryimage\",\"url\":\"https:\\\/\\\/www.viladanse.fr\\\/wp-content\\\/uploads\\\/2020\\\/03\\\/HD-2563x1000-RVB-Viladanse-logo-1.png\",\"contentUrl\":\"https:\\\/\\\/www.viladanse.fr\\\/wp-content\\\/uploads\\\/2020\\\/03\\\/HD-2563x1000-RVB-Viladanse-logo-1.png\",\"width\":2563,\"height\":1000,\"caption\":\"Cours de danses \u00e0 domicile \u00e0 Bordeaux, pessac, villenvave d'ornon, Libourne. Danse animation, danse mariage, danse entreprise avec nos professeurs de danse de salon. Cours de danse sur mesure selon vos objectifs, vos envies, vos condition physique, votre niveau.\"},{\"@type\":\"BreadcrumbList\",\"@id\":\"https:\\\/\\\/www.viladanse.fr\\\/index.php\\\/reservez-un-rendez-vous-sur-notre-site-ouverture-de-bal-mariage\\\/#breadcrumb\",\"itemListElement\":[{\"@type\":\"ListItem\",\"position\":1,\"name\":\"Accueil\",\"item\":\"https:\\\/\\\/www.viladanse.fr\\\/\"},{\"@type\":\"ListItem\",\"position\":2,\"name\":\"R\u00e9servez un rendez-vous sur notre site\"}]},{\"@type\":\"WebSite\",\"@id\":\"https:\\\/\\\/www.viladanse.fr\\\/#website\",\"url\":\"https:\\\/\\\/www.viladanse.fr\\\/\",\"name\":\"Viladanse\",\"description\":\"des cours \u00e0 domicile au TOP !\",\"publisher\":{\"@id\":\"https:\\\/\\\/www.viladanse.fr\\\/#organization\"},\"potentialAction\":[{\"@type\":\"SearchAction\",\"target\":{\"@type\":\"EntryPoint\",\"urlTemplate\":\"https:\\\/\\\/www.viladanse.fr\\\/?s={search_term_string}\"},\"query-input\":{\"@type\":\"PropertyValueSpecification\",\"valueRequired\":true,\"valueName\":\"search_term_string\"}}],\"inLanguage\":\"fr-FR\"},{\"@type\":\"Organization\",\"@id\":\"https:\\\/\\\/www.viladanse.fr\\\/#organization\",\"name\":\"Viladanse\",\"url\":\"https:\\\/\\\/www.viladanse.fr\\\/\",\"logo\":{\"@type\":\"ImageObject\",\"inLanguage\":\"fr-FR\",\"@id\":\"https:\\\/\\\/www.viladanse.fr\\\/#\\\/schema\\\/logo\\\/image\\\/\",\"url\":\"https:\\\/\\\/www.viladanse.fr\\\/wp-content\\\/uploads\\\/2025\\\/11\\\/LD-RVB-323x150-Viladanse-lettrine.png\",\"contentUrl\":\"https:\\\/\\\/www.viladanse.fr\\\/wp-content\\\/uploads\\\/2025\\\/11\\\/LD-RVB-323x150-Viladanse-lettrine.png\",\"width\":323,\"height\":150,\"caption\":\"Viladanse\"},\"image\":{\"@id\":\"https:\\\/\\\/www.viladanse.fr\\\/#\\\/schema\\\/logo\\\/image\\\/\"},\"sameAs\":[\"https:\\\/\\\/www.facebook.com\\\/ClaireViladanse\\\/?locale=fr_FR\",\"https:\\\/\\\/www.instagram.com\\\/claire_viladanse\\\/?hl=fr\"]}]}<\/script>\n<!-- \/ Yoast SEO plugin. -->","yoast_head_json":{"title":"R\u00e9servez un rendez-vous sur notre site - Viladanse","description":"R\u00e9servez un rendez-vous via Messenger ou par t\u00e9l\u00e9phone, Bordeaux, pour discuter de votre projet d'ouverture de bal de mariage, danse s\u00e9niors.","robots":{"index":"index","follow":"follow","max-snippet":"max-snippet:-1","max-image-preview":"max-image-preview:large","max-video-preview":"max-video-preview:-1"},"canonical":"https:\/\/www.viladanse.fr\/index.php\/reservez-un-rendez-vous-sur-notre-site-ouverture-de-bal-mariage\/","og_locale":"fr_FR","og_type":"article","og_title":"R\u00e9servez un rendez-vous sur notre site - Viladanse","og_description":"R\u00e9servez un rendez-vous via Messenger ou par t\u00e9l\u00e9phone, Bordeaux, pour discuter de votre projet d'ouverture de bal de mariage, danse s\u00e9niors.","og_url":"https:\/\/www.viladanse.fr\/index.php\/reservez-un-rendez-vous-sur-notre-site-ouverture-de-bal-mariage\/","og_site_name":"Viladanse","article_publisher":"https:\/\/www.facebook.com\/ClaireViladanse\/?locale=fr_FR","article_modified_time":"2021-11-18T13:30:19+00:00","og_image":[{"url":"http:\/\/www.viladanse.fr\/wp-content\/uploads\/2020\/03\/HD-2563x1000-RVB-Viladanse-logo-1-1024x400.png","type":"","width":"","height":""}],"twitter_card":"summary_large_image","twitter_misc":{"Dur\u00e9e de lecture estim\u00e9e":"2 minutes"},"schema":{"@context":"https:\/\/schema.org","@graph":[{"@type":"WebPage","@id":"https:\/\/www.viladanse.fr\/index.php\/reservez-un-rendez-vous-sur-notre-site-ouverture-de-bal-mariage\/","url":"https:\/\/www.viladanse.fr\/index.php\/reservez-un-rendez-vous-sur-notre-site-ouverture-de-bal-mariage\/","name":"R\u00e9servez un rendez-vous sur notre site - Viladanse","isPartOf":{"@id":"https:\/\/www.viladanse.fr\/#website"},"primaryImageOfPage":{"@id":"https:\/\/www.viladanse.fr\/index.php\/reservez-un-rendez-vous-sur-notre-site-ouverture-de-bal-mariage\/#primaryimage"},"image":{"@id":"https:\/\/www.viladanse.fr\/index.php\/reservez-un-rendez-vous-sur-notre-site-ouverture-de-bal-mariage\/#primaryimage"},"thumbnailUrl":"http:\/\/www.viladanse.fr\/wp-content\/uploads\/2020\/03\/HD-2563x1000-RVB-Viladanse-logo-1-1024x400.png","datePublished":"2020-03-28T20:11:26+00:00","dateModified":"2021-11-18T13:30:19+00:00","description":"R\u00e9servez un rendez-vous via Messenger ou par t\u00e9l\u00e9phone, Bordeaux, pour discuter de votre projet d'ouverture de bal de mariage, danse s\u00e9niors.","breadcrumb":{"@id":"https:\/\/www.viladanse.fr\/index.php\/reservez-un-rendez-vous-sur-notre-site-ouverture-de-bal-mariage\/#breadcrumb"},"inLanguage":"fr-FR","potentialAction":[{"@type":"ReadAction","target":["https:\/\/www.viladanse.fr\/index.php\/reservez-un-rendez-vous-sur-notre-site-ouverture-de-bal-mariage\/"]}]},{"@type":"ImageObject","inLanguage":"fr-FR","@id":"https:\/\/www.viladanse.fr\/index.php\/reservez-un-rendez-vous-sur-notre-site-ouverture-de-bal-mariage\/#primaryimage","url":"https:\/\/www.viladanse.fr\/wp-content\/uploads\/2020\/03\/HD-2563x1000-RVB-Viladanse-logo-1.png","contentUrl":"https:\/\/www.viladanse.fr\/wp-content\/uploads\/2020\/03\/HD-2563x1000-RVB-Viladanse-logo-1.png","width":2563,"height":1000,"caption":"Cours de danses \u00e0 domicile \u00e0 Bordeaux, pessac, villenvave d'ornon, Libourne. Danse animation, danse mariage, danse entreprise avec nos professeurs de danse de salon. Cours de danse sur mesure selon vos objectifs, vos envies, vos condition physique, votre niveau."},{"@type":"BreadcrumbList","@id":"https:\/\/www.viladanse.fr\/index.php\/reservez-un-rendez-vous-sur-notre-site-ouverture-de-bal-mariage\/#breadcrumb","itemListElement":[{"@type":"ListItem","position":1,"name":"Accueil","item":"https:\/\/www.viladanse.fr\/"},{"@type":"ListItem","position":2,"name":"R\u00e9servez un rendez-vous sur notre site"}]},{"@type":"WebSite","@id":"https:\/\/www.viladanse.fr\/#website","url":"https:\/\/www.viladanse.fr\/","name":"Viladanse","description":"des cours \u00e0 domicile au TOP !","publisher":{"@id":"https:\/\/www.viladanse.fr\/#organization"},"potentialAction":[{"@type":"SearchAction","target":{"@type":"EntryPoint","urlTemplate":"https:\/\/www.viladanse.fr\/?s={search_term_string}"},"query-input":{"@type":"PropertyValueSpecification","valueRequired":true,"valueName":"search_term_string"}}],"inLanguage":"fr-FR"},{"@type":"Organization","@id":"https:\/\/www.viladanse.fr\/#organization","name":"Viladanse","url":"https:\/\/www.viladanse.fr\/","logo":{"@type":"ImageObject","inLanguage":"fr-FR","@id":"https:\/\/www.viladanse.fr\/#\/schema\/logo\/image\/","url":"https:\/\/www.viladanse.fr\/wp-content\/uploads\/2025\/11\/LD-RVB-323x150-Viladanse-lettrine.png","contentUrl":"https:\/\/www.viladanse.fr\/wp-content\/uploads\/2025\/11\/LD-RVB-323x150-Viladanse-lettrine.png","width":323,"height":150,"caption":"Viladanse"},"image":{"@id":"https:\/\/www.viladanse.fr\/#\/schema\/logo\/image\/"},"sameAs":["https:\/\/www.facebook.com\/ClaireViladanse\/?locale=fr_FR","https:\/\/www.instagram.com\/claire_viladanse\/?hl=fr"]}]}},"_links":{"self":[{"href":"https:\/\/www.viladanse.fr\/index.php\/wp-json\/wp\/v2\/pages\/2289","targetHints":{"allow":["GET"]}}],"collection":[{"href":"https:\/\/www.viladanse.fr\/index.php\/wp-json\/wp\/v2\/pages"}],"about":[{"href":"https:\/\/www.viladanse.fr\/index.php\/wp-json\/wp\/v2\/types\/page"}],"author":[{"embeddable":true,"href":"https:\/\/www.viladanse.fr\/index.php\/wp-json\/wp\/v2\/users\/1"}],"replies":[{"embeddable":true,"href":"https:\/\/www.viladanse.fr\/index.php\/wp-json\/wp\/v2\/comments?post=2289"}],"version-history":[{"count":14,"href":"https:\/\/www.viladanse.fr\/index.php\/wp-json\/wp\/v2\/pages\/2289\/revisions"}],"predecessor-version":[{"id":3369,"href":"https:\/\/www.viladanse.fr\/index.php\/wp-json\/wp\/v2\/pages\/2289\/revisions\/3369"}],"wp:attachment":[{"href":"https:\/\/www.viladanse.fr\/index.php\/wp-json\/wp\/v2\/media?parent=2289"}],"curies":[{"name":"wp","href":"https:\/\/api.w.org\/{rel}","templated":true}]}}